{"id":448,"date":"2020-10-28T19:30:10","date_gmt":"2020-10-28T18:30:10","guid":{"rendered":"https:\/\/www.truckerhaus.at\/museum\/?page_id=448"},"modified":"2021-03-06T16:14:01","modified_gmt":"2021-03-06T15:14:01","slug":"muehlen-und-saegen-in-martinsberg","status":"publish","type":"page","link":"https:\/\/www.truckerhaus.at\/museum\/spuren\/fundorte\/muehlen-und-saegen-in-martinsberg\/","title":{"rendered":"M\u00fchlen und S\u00e4gen in Martinsberg"},"content":{"rendered":"\n<div class=\"wp-block-group\"><div class=\"wp-block-group__inner-container is-layout-flow wp-block-group-is-layout-flow\">\n<div class=\"wp-block-themeisle-blocks-advanced-columns has-1-columns has-desktop-equal-layout has-tablet-equal-layout has-mobile-equal-layout has-nogap-gap has-vertical-unset\" id=\"wp-block-themeisle-blocks-advanced-columns-dcca0762\"><div class=\"wp-block-themeisle-blocks-advanced-columns-overlay\"><\/div><div class=\"innerblocks-wrap\">\n<div class=\"wp-block-themeisle-blocks-advanced-column\" id=\"wp-block-themeisle-blocks-advanced-column-b9a3d488\">\n<div class=\"wp-block-columns alignwide icon_wrapper is-layout-flex wp-container-core-columns-is-layout-9d6595d7 wp-block-columns-is-layout-flex\">\n<div class=\"wp-block-column icon_blue is-layout-flow wp-block-column-is-layout-flow\" style=\"flex-basis:5%\">\n<p class=\"has-text-align-center\">30<\/p>\n<\/div>\n\n\n\n<div class=\"wp-block-column icon_black is-layout-flow wp-block-column-is-layout-flow\" style=\"flex-basis:5%\">\n<p class=\"wp-block-themeisle-blocks-font-awesome-icons\" id=\"wp-block-themeisle-blocks-font-awesome-icons-ee2c2fea\"><span class=\"wp-block-themeisle-blocks-font-awesome-icons-container\"><a href=\"#bilder\" target=\"_self\" rel=\"noopener noreferrer\"><i class=\"far fa-image\"><\/i><\/a><\/span><\/p>\n<\/div>\n\n\n\n<div class=\"wp-block-column icon_black is-layout-flow wp-block-column-is-layout-flow\" style=\"flex-basis:5%\"><\/div>\n\n\n\n<div class=\"wp-block-column icon_black is-layout-flow wp-block-column-is-layout-flow\" style=\"flex-basis:5%\">\n<p class=\"wp-block-themeisle-blocks-font-awesome-icons\" id=\"wp-block-themeisle-blocks-font-awesome-icons-7c930a21\"><span class=\"wp-block-themeisle-blocks-font-awesome-icons-container\"><a href=\"#geo\" target=\"_self\" rel=\"noopener noreferrer\"><i class=\"fas fa-map-marked\"><\/i><\/a><\/span><\/p>\n<\/div>\n<\/div>\n<\/div>\n<\/div><\/div>\n\n\n\n<h1 class=\"wp-block-heading\">M\u00fchlen und S\u00e4gen in Martinsberg<\/h1>\n\n\n\n<div class=\"wp-block-themeisle-blocks-advanced-columns has-2-columns has-desktop-twoOne-layout has-tablet-equal-layout has-mobile-collapsedRows-layout has-default-gap has-vertical-unset\" id=\"wp-block-themeisle-blocks-advanced-columns-c267e2a7\"><div class=\"wp-block-themeisle-blocks-advanced-columns-overlay\"><\/div><div class=\"innerblocks-wrap\">\n<div class=\"wp-block-themeisle-blocks-advanced-column\" id=\"wp-block-themeisle-blocks-advanced-column-11c87404\">\n<p>Der Wei\u00adten\u00adbach flie\u00dft nach Mar\u00adtins\u00adberg in immer st\u00e4r\u00adker wer\u00adden\u00addem Gef\u00e4l\u00adle Rich\u00adtung H\u00f6ll\u00adtal. Dies erm\u00f6g\u00adlich\u00adte das Auf\u00adstel\u00adlen von Was\u00adser\u00adr\u00e4\u00addern, in rascher Fol\u00adge stan\u00adden H\u00e4m\u00admer, M\u00fch\u00adlen und S\u00e4gen: Die \u00bb<strong>Haus\u00adm\u00fchl<\/strong>\u00ab \u2013 1467 M\u00fcl\u00adler Peck\u00adhen Cristan \u2013 war ab 1628 Ham\u00admer\u00adschmie\u00adde und M\u00fch\u00adle, der letz\u00adte Schmied war Emme\u00adrich Has\u00adlin\u00adger. <strong>Ham\u00admer\u00adschmie\u00adde<\/strong> \u2013 1467 \u00bbHam\u00admer unt\u00adter der gstet\u00adten\u00ab \u2013 hier arbei\u00adte\u00adte Franz Has\u00adlin\u00adger als Schmied. <strong>Rit\u00adzel\u00adstei\u00adner\u00ads\u00e4\u00adge<\/strong> \u2013 Ein\u00adtrag in den Pfarr\u00adma\u00adtri\u00adken: \u00bbRit\u00adzel\u00adstei\u00adner Saag 17. 2. 1784 Franz Kraus Saag\u00admeis\u00adter ux. Rosa\u00adlia g. Stu\u00admer v. Der\u00adfles\u00ab. Der letz\u00adte S\u00e4ge\u00admeis\u00adter um 1900 war Leo\u00adpold Hai\u00adder, danach war die S\u00e4ge au\u00dfer Betrieb. <strong>Wal\u00adpers\u00addor\u00adfer\u00ads\u00e4\u00adge<\/strong> \u2013 um 1800 wur\u00adde die Wal\u00adpers\u00addor\u00adfer Genos\u00adsen\u00adschafts\u00ads\u00e4\u00adge auf einem Grund\u00adst\u00fcck der Wies\u00adm\u00fch\u00adle neu errich\u00adtet. Leo\u00adpold Hirsch\u00admann (gebo\u00adren 1852) war lan\u00adge S\u00e4ge\u00admeis\u00adter, daher auch der Name Hirsch\u00admann\u00ads\u00e4\u00adge. 1950 wur\u00adde das S\u00e4ge\u00adwerk still\u00adge\u00adlegt. Der letz\u00adte S\u00e4ge\u00admeis\u00adter Franz Bau\u00ader konn\u00adte das Geb\u00e4u\u00adde nicht kau\u00adfen und wohn\u00adte dann in der Rit\u00adzel\u00adstei\u00adner\u00ads\u00e4\u00adge. Bach\u00adab\u00adw\u00e4rts gibt es die <strong>Wies\u00adm\u00fch\u00adle<\/strong>, wel\u00adche bereits 1299 urkund\u00adlich genannt wird und seit 1815 im Besitz der Fami\u00adlie F\u00fcrst&nbsp;ist.<\/p>\n\n\n\n<p>GF<\/p>\n<\/div>\n\n\n\n<div class=\"wp-block-themeisle-blocks-advanced-column kantlinie\" id=\"wp-block-themeisle-blocks-advanced-column-2974a55a\">\n<p>Vom Orts\u00adzen\u00adtrum Mar\u00adtins\u00adberg Rich\u00adtung Osten, Abzwei\u00adgung rechts Rich\u00adtung<br>Bahn\u00adhofs\u00adsied\u00adlung, n\u00e4chs\u00adte Abzwei\u00adgung rechts bergab<\/p>\n<\/div>\n<\/div><\/div>\n\n\n\n<div class=\"wp-block-themeisle-blocks-advanced-columns has-1-columns has-desktop-equal-layout has-tablet-equal-layout has-mobile-equal-layout has-nogap-gap has-vertical-unset bilder\" id=\"bilder\"><div class=\"wp-block-themeisle-blocks-advanced-columns-overlay\"><\/div><div class=\"innerblocks-wrap\">\n<div class=\"wp-block-themeisle-blocks-advanced-column\" id=\"wp-block-themeisle-blocks-advanced-column-ef8f6052\">\n<figure class=\"wp-block-gallery aligncenter columns-3 is-cropped wp-block-gallery-1 is-layout-flex wp-block-gallery-is-layout-flex\"><ul class=\"blocks-gallery-grid\"><li class=\"blocks-gallery-item\"><figure><a href=\"https:\/\/www.truckerhaus.at\/museum\/wp-content\/uploads\/2020\/10\/Martinsberg_Ritselsteinsaege.jpg\"><img decoding=\"async\" width=\"900\" height=\"600\" src=\"https:\/\/www.truckerhaus.at\/museum\/wp-content\/uploads\/2020\/10\/Martinsberg_Ritselsteinsaege.jpg\" alt data-id=\"336\" data-full-url=\"https:\/\/www.truckerhaus.at\/museum\/wp-content\/uploads\/2020\/10\/Martinsberg_Ritselsteinsaege.jpg\" data-link=\"https:\/\/www.truckerhaus.at\/museum\/spuren\/fundorte\/ochsenstrauss\/martinsberg_ritselsteinsaege\/\" class=\"wp-image-336\" srcset=\"https:\/\/www.truckerhaus.at\/museum\/wp-content\/uploads\/2020\/10\/Martinsberg_Ritselsteinsaege.jpg 900w, https:\/\/www.truckerhaus.at\/museum\/wp-content\/uploads\/2020\/10\/Martinsberg_Ritselsteinsaege-300x200.jpg 300w, https:\/\/www.truckerhaus.at\/museum\/wp-content\/uploads\/2020\/10\/Martinsberg_Ritselsteinsaege-768x512.jpg 768w, https:\/\/www.truckerhaus.at\/museum\/wp-content\/uploads\/2020\/10\/Martinsberg_Ritselsteinsaege-600x400.jpg 600w\" sizes=\"(max-width: 900px) 100vw, 900px\"><\/a><\/figure><\/li><li class=\"blocks-gallery-item\"><figure><a href=\"https:\/\/www.truckerhaus.at\/museum\/wp-content\/uploads\/2020\/10\/89.jpg\"><img decoding=\"async\" width=\"900\" height=\"608\" src=\"https:\/\/www.truckerhaus.at\/museum\/wp-content\/uploads\/2020\/10\/89.jpg\" alt data-id=\"279\" data-full-url=\"https:\/\/www.truckerhaus.at\/museum\/wp-content\/uploads\/2020\/10\/89.jpg\" data-link=\"https:\/\/www.truckerhaus.at\/museum\/spuren\/fundorte\/ochsenstrauss\/attachment\/89\/\" class=\"wp-image-279\" srcset=\"https:\/\/www.truckerhaus.at\/museum\/wp-content\/uploads\/2020\/10\/89.jpg 900w, https:\/\/www.truckerhaus.at\/museum\/wp-content\/uploads\/2020\/10\/89-300x203.jpg 300w, https:\/\/www.truckerhaus.at\/museum\/wp-content\/uploads\/2020\/10\/89-768x519.jpg 768w, https:\/\/www.truckerhaus.at\/museum\/wp-content\/uploads\/2020\/10\/89-600x405.jpg 600w\" sizes=\"(max-width: 900px) 100vw, 900px\"><\/a><\/figure><\/li><li class=\"blocks-gallery-item\"><figure><a href=\"https:\/\/www.truckerhaus.at\/museum\/wp-content\/uploads\/2020\/10\/102.jpg\"><img decoding=\"async\" width=\"1000\" height=\"754\" src=\"https:\/\/www.truckerhaus.at\/museum\/wp-content\/uploads\/2020\/10\/102.jpg\" alt data-id=\"251\" data-full-url=\"https:\/\/www.truckerhaus.at\/museum\/wp-content\/uploads\/2020\/10\/102.jpg\" data-link=\"https:\/\/www.truckerhaus.at\/museum\/spuren\/fundorte\/ochsenstrauss\/attachment\/102\/\" class=\"wp-image-251\" srcset=\"https:\/\/www.truckerhaus.at\/museum\/wp-content\/uploads\/2020\/10\/102.jpg 1000w, https:\/\/www.truckerhaus.at\/museum\/wp-content\/uploads\/2020\/10\/102-300x226.jpg 300w, https:\/\/www.truckerhaus.at\/museum\/wp-content\/uploads\/2020\/10\/102-768x579.jpg 768w, https:\/\/www.truckerhaus.at\/museum\/wp-content\/uploads\/2020\/10\/102-600x452.jpg 600w\" sizes=\"(max-width: 1000px) 100vw, 1000px\"><\/a><\/figure><\/li><li class=\"blocks-gallery-item\"><figure><a href=\"https:\/\/www.truckerhaus.at\/museum\/wp-content\/uploads\/2020\/10\/180.jpg\"><img decoding=\"async\" width=\"1000\" height=\"707\" src=\"https:\/\/www.truckerhaus.at\/museum\/wp-content\/uploads\/2020\/10\/180.jpg\" alt data-id=\"252\" data-full-url=\"https:\/\/www.truckerhaus.at\/museum\/wp-content\/uploads\/2020\/10\/180.jpg\" data-link=\"https:\/\/www.truckerhaus.at\/museum\/spuren\/fundorte\/ochsenstrauss\/attachment\/180\/\" class=\"wp-image-252\" srcset=\"https:\/\/www.truckerhaus.at\/museum\/wp-content\/uploads\/2020\/10\/180.jpg 1000w, https:\/\/www.truckerhaus.at\/museum\/wp-content\/uploads\/2020\/10\/180-300x212.jpg 300w, https:\/\/www.truckerhaus.at\/museum\/wp-content\/uploads\/2020\/10\/180-768x543.jpg 768w, https:\/\/www.truckerhaus.at\/museum\/wp-content\/uploads\/2020\/10\/180-600x424.jpg 600w\" sizes=\"(max-width: 1000px) 100vw, 1000px\"><\/a><\/figure><\/li><li class=\"blocks-gallery-item\"><figure><a href=\"https:\/\/www.truckerhaus.at\/museum\/wp-content\/uploads\/2020\/10\/hirschmannsaegewalpersdorfersaege1936.jpg\"><img decoding=\"async\" width=\"1000\" height=\"717\" src=\"https:\/\/www.truckerhaus.at\/museum\/wp-content\/uploads\/2020\/10\/hirschmannsaegewalpersdorfersaege1936.jpg\" alt data-id=\"256\" data-full-url=\"https:\/\/www.truckerhaus.at\/museum\/wp-content\/uploads\/2020\/10\/hirschmannsaegewalpersdorfersaege1936.jpg\" data-link=\"https:\/\/www.truckerhaus.at\/museum\/spuren\/fundorte\/ochsenstrauss\/hirschmannsaegewalpersdorfersaege1936\/\" class=\"wp-image-256\" srcset=\"https:\/\/www.truckerhaus.at\/museum\/wp-content\/uploads\/2020\/10\/hirschmannsaegewalpersdorfersaege1936.jpg 1000w, https:\/\/www.truckerhaus.at\/museum\/wp-content\/uploads\/2020\/10\/hirschmannsaegewalpersdorfersaege1936-300x215.jpg 300w, https:\/\/www.truckerhaus.at\/museum\/wp-content\/uploads\/2020\/10\/hirschmannsaegewalpersdorfersaege1936-768x551.jpg 768w, https:\/\/www.truckerhaus.at\/museum\/wp-content\/uploads\/2020\/10\/hirschmannsaegewalpersdorfersaege1936-600x430.jpg 600w\" sizes=\"(max-width: 1000px) 100vw, 1000px\"><\/a><\/figure><\/li><li class=\"blocks-gallery-item\"><figure><a href=\"https:\/\/www.truckerhaus.at\/museum\/wp-content\/uploads\/2020\/10\/96.jpg\"><img decoding=\"async\" width=\"1000\" height=\"521\" src=\"https:\/\/www.truckerhaus.at\/museum\/wp-content\/uploads\/2020\/10\/96.jpg\" alt data-id=\"254\" data-full-url=\"https:\/\/www.truckerhaus.at\/museum\/wp-content\/uploads\/2020\/10\/96.jpg\" data-link=\"https:\/\/www.truckerhaus.at\/museum\/spuren\/fundorte\/ochsenstrauss\/attachment\/96\/\" class=\"wp-image-254\" srcset=\"https:\/\/www.truckerhaus.at\/museum\/wp-content\/uploads\/2020\/10\/96.jpg 1000w, https:\/\/www.truckerhaus.at\/museum\/wp-content\/uploads\/2020\/10\/96-300x156.jpg 300w, https:\/\/www.truckerhaus.at\/museum\/wp-content\/uploads\/2020\/10\/96-768x400.jpg 768w, https:\/\/www.truckerhaus.at\/museum\/wp-content\/uploads\/2020\/10\/96-600x313.jpg 600w\" sizes=\"(max-width: 1000px) 100vw, 1000px\"><\/a><\/figure><\/li><\/ul><\/figure>\n<\/div>\n<\/div><\/div>\n\n\n\n<div class=\"wp-block-themeisle-blocks-advanced-columns has-3-columns has-desktop-equal-layout has-tablet-equal-layout has-mobile-collapsedRows-layout has-nogap-gap has-vertical-unset geo\" id=\"geo\"><div class=\"wp-block-themeisle-blocks-advanced-columns-overlay\"><\/div><div class=\"innerblocks-wrap\">\n<div class=\"wp-block-themeisle-blocks-advanced-column\" id=\"wp-block-themeisle-blocks-advanced-column-9d3753ea\">\n<h3 class=\"wp-block-heading\">Koordinaten<br>(WSG84)<\/h3>\n\n\n\n<p><strong>[30]<\/strong>&nbsp;48.37399 | 15.15135<\/p>\n<\/div>\n\n\n\n<div class=\"wp-block-themeisle-blocks-advanced-column\" id=\"wp-block-themeisle-blocks-advanced-column-bd6c5660\">\n<h3 class=\"wp-block-heading\">Finden in <br>Apple Karten<\/h3>\n\n\n\n<p><a href=\"http:\/\/maps.apple.com\/?q=48.37399,15.15135\"><strong>[30]<\/strong>&nbsp;finden<\/a><\/p>\n<\/div>\n\n\n\n<div class=\"wp-block-themeisle-blocks-advanced-column\" id=\"wp-block-themeisle-blocks-advanced-column-157f2a8a\">\n<h3 class=\"wp-block-heading\">Finden in <br>Google-Maps<\/h3>\n\n\n\n<p><a href=\"https:\/\/www.google.at\/maps\/preview\/place\/48.37399,15.15135\"><strong>[30]<\/strong>&nbsp;finden<\/a><\/p>\n<\/div>\n<\/div><\/div>\n<\/div><\/div>\n","protected":false},"excerpt":{"rendered":"<p>M\u00fch\u00adlen und S\u00e4gen in Martinsberg<\/p>\n","protected":false},"author":1,"featured_media":0,"parent":199,"menu_order":60,"comment_status":"closed","ping_status":"closed","template":"","meta":{"wp_typography_post_enhancements_disabled":false,"neve_meta_sidebar":"","neve_meta_container":"","neve_meta_enable_content_width":"","neve_meta_content_width":0,"neve_meta_title_alignment":"","neve_meta_author_avatar":"","neve_post_elements_order":"","neve_meta_disable_header":"","neve_meta_disable_footer":"","neve_meta_disable_title":"on","_themeisle_gutenberg_block_has_review":false,"footnotes":""},"class_list":["post-448","page","type-page","status-publish","hentry"],"yoast_head":"<!-- This site is optimized with the Yoast SEO plugin v26.3 - https:\/\/yoast.com\/wordpress\/plugins\/seo\/ -->\n<title>M\u00fchlen und S\u00e4gen in Martinsberg &#187; Museum Truckerhaus<\/title>\n<meta name=\"robots\" content=\"index, follow, max-snippet:-1, max-image-preview:large, max-video-preview:-1\" \/>\n<link rel=\"canonical\" href=\"https:\/\/www.truckerhaus.at\/museum\/spuren\/fundorte\/muehlen-und-saegen-in-martinsberg\/\" \/>\n<meta property=\"og:locale\" content=\"de_DE\" \/>\n<meta property=\"og:type\" content=\"article\" \/>\n<meta property=\"og:title\" content=\"M\u00fchlen und S\u00e4gen in Martinsberg &#187; Museum Truckerhaus\" \/>\n<meta property=\"og:description\" content=\"M\u00fchlen und S\u00e4gen in Martinsberg\" \/>\n<meta property=\"og:url\" content=\"https:\/\/www.truckerhaus.at\/museum\/spuren\/fundorte\/muehlen-und-saegen-in-martinsberg\/\" \/>\n<meta property=\"og:site_name\" content=\"Museum Truckerhaus\" \/>\n<meta property=\"article:publisher\" content=\"https:\/\/www.facebook.com\/truckerhaus\" \/>\n<meta property=\"article:modified_time\" content=\"2021-03-06T15:14:01+00:00\" \/>\n<meta property=\"og:image\" content=\"https:\/\/www.truckerhaus.at\/museum\/wp-content\/uploads\/2020\/10\/Martinsberg_Ritselsteinsaege.jpg\" \/>\n<meta name=\"twitter:card\" content=\"summary_large_image\" \/>\n<meta name=\"twitter:label1\" content=\"Gesch\u00e4tzte Lesezeit\" \/>\n\t<meta name=\"twitter:data1\" content=\"1\u00a0Minute\" \/>\n<script type=\"application\/ld+json\" class=\"yoast-schema-graph\">{\"@context\":\"https:\/\/schema.org\",\"@graph\":[{\"@type\":\"WebPage\",\"@id\":\"https:\/\/www.truckerhaus.at\/museum\/spuren\/fundorte\/muehlen-und-saegen-in-martinsberg\/\",\"url\":\"https:\/\/www.truckerhaus.at\/museum\/spuren\/fundorte\/muehlen-und-saegen-in-martinsberg\/\",\"name\":\"M\u00fchlen und S\u00e4gen in Martinsberg &#187; Museum Truckerhaus\",\"isPartOf\":{\"@id\":\"https:\/\/www.truckerhaus.at\/museum\/#website\"},\"primaryImageOfPage\":{\"@id\":\"https:\/\/www.truckerhaus.at\/museum\/spuren\/fundorte\/muehlen-und-saegen-in-martinsberg\/#primaryimage\"},\"image\":{\"@id\":\"https:\/\/www.truckerhaus.at\/museum\/spuren\/fundorte\/muehlen-und-saegen-in-martinsberg\/#primaryimage\"},\"thumbnailUrl\":\"https:\/\/www.truckerhaus.at\/museum\/wp-content\/uploads\/2020\/10\/Martinsberg_Ritselsteinsaege.jpg\",\"datePublished\":\"2020-10-28T18:30:10+00:00\",\"dateModified\":\"2021-03-06T15:14:01+00:00\",\"breadcrumb\":{\"@id\":\"https:\/\/www.truckerhaus.at\/museum\/spuren\/fundorte\/muehlen-und-saegen-in-martinsberg\/#breadcrumb\"},\"inLanguage\":\"de\",\"potentialAction\":[{\"@type\":\"ReadAction\",\"target\":[\"https:\/\/www.truckerhaus.at\/museum\/spuren\/fundorte\/muehlen-und-saegen-in-martinsberg\/\"]}]},{\"@type\":\"ImageObject\",\"inLanguage\":\"de\",\"@id\":\"https:\/\/www.truckerhaus.at\/museum\/spuren\/fundorte\/muehlen-und-saegen-in-martinsberg\/#primaryimage\",\"url\":\"https:\/\/www.truckerhaus.at\/museum\/wp-content\/uploads\/2020\/10\/Martinsberg_Ritselsteinsaege.jpg\",\"contentUrl\":\"https:\/\/www.truckerhaus.at\/museum\/wp-content\/uploads\/2020\/10\/Martinsberg_Ritselsteinsaege.jpg\",\"width\":900,\"height\":600},{\"@type\":\"BreadcrumbList\",\"@id\":\"https:\/\/www.truckerhaus.at\/museum\/spuren\/fundorte\/muehlen-und-saegen-in-martinsberg\/#breadcrumb\",\"itemListElement\":[{\"@type\":\"ListItem\",\"position\":1,\"name\":\"Startseite\",\"item\":\"https:\/\/www.truckerhaus.at\/museum\/\"},{\"@type\":\"ListItem\",\"position\":2,\"name\":\"Spuren\",\"item\":\"https:\/\/www.truckerhaus.at\/museum\/spuren\/\"},{\"@type\":\"ListItem\",\"position\":3,\"name\":\"Objekte\",\"item\":\"https:\/\/www.truckerhaus.at\/museum\/spuren\/fundorte\/\"},{\"@type\":\"ListItem\",\"position\":4,\"name\":\"M\u00fchlen und S\u00e4gen in Martinsberg\"}]},{\"@type\":\"WebSite\",\"@id\":\"https:\/\/www.truckerhaus.at\/museum\/#website\",\"url\":\"https:\/\/www.truckerhaus.at\/museum\/\",\"name\":\"Museum Truckerhaus\",\"description\":\"\",\"publisher\":{\"@id\":\"https:\/\/www.truckerhaus.at\/museum\/#organization\"},\"potentialAction\":[{\"@type\":\"SearchAction\",\"target\":{\"@type\":\"EntryPoint\",\"urlTemplate\":\"https:\/\/www.truckerhaus.at\/museum\/?s={search_term_string}\"},\"query-input\":{\"@type\":\"PropertyValueSpecification\",\"valueRequired\":true,\"valueName\":\"search_term_string\"}}],\"inLanguage\":\"de\"},{\"@type\":\"Organization\",\"@id\":\"https:\/\/www.truckerhaus.at\/museum\/#organization\",\"name\":\"Historischer Verein Weinsbergerwald\",\"url\":\"https:\/\/www.truckerhaus.at\/museum\/\",\"logo\":{\"@type\":\"ImageObject\",\"inLanguage\":\"de\",\"@id\":\"https:\/\/www.truckerhaus.at\/museum\/#\/schema\/logo\/image\/\",\"url\":\"https:\/\/www.truckerhaus.at\/museum\/wp-content\/uploads\/2020\/11\/HVW_LOGO.png\",\"contentUrl\":\"https:\/\/www.truckerhaus.at\/museum\/wp-content\/uploads\/2020\/11\/HVW_LOGO.png\",\"width\":200,\"height\":200,\"caption\":\"Historischer Verein Weinsbergerwald\"},\"image\":{\"@id\":\"https:\/\/www.truckerhaus.at\/museum\/#\/schema\/logo\/image\/\"},\"sameAs\":[\"https:\/\/www.facebook.com\/truckerhaus\",\"https:\/\/www.instagram.com\/truckerhaus\/\"]}]}<\/script>\n<!-- \/ Yoast SEO plugin. -->","yoast_head_json":{"title":"M\u00fchlen und S\u00e4gen in Martinsberg &#187; Museum Truckerhaus","robots":{"index":"index","follow":"follow","max-snippet":"max-snippet:-1","max-image-preview":"max-image-preview:large","max-video-preview":"max-video-preview:-1"},"canonical":"https:\/\/www.truckerhaus.at\/museum\/spuren\/fundorte\/muehlen-und-saegen-in-martinsberg\/","og_locale":"de_DE","og_type":"article","og_title":"M\u00fchlen und S\u00e4gen in Martinsberg &#187; Museum Truckerhaus","og_description":"M\u00fchlen und S\u00e4gen in Martinsberg","og_url":"https:\/\/www.truckerhaus.at\/museum\/spuren\/fundorte\/muehlen-und-saegen-in-martinsberg\/","og_site_name":"Museum Truckerhaus","article_publisher":"https:\/\/www.facebook.com\/truckerhaus","article_modified_time":"2021-03-06T15:14:01+00:00","og_image":[{"url":"https:\/\/www.truckerhaus.at\/museum\/wp-content\/uploads\/2020\/10\/Martinsberg_Ritselsteinsaege.jpg","type":"","width":"","height":""}],"twitter_card":"summary_large_image","twitter_misc":{"Gesch\u00e4tzte Lesezeit":"1\u00a0Minute"},"schema":{"@context":"https:\/\/schema.org","@graph":[{"@type":"WebPage","@id":"https:\/\/www.truckerhaus.at\/museum\/spuren\/fundorte\/muehlen-und-saegen-in-martinsberg\/","url":"https:\/\/www.truckerhaus.at\/museum\/spuren\/fundorte\/muehlen-und-saegen-in-martinsberg\/","name":"M\u00fchlen und S\u00e4gen in Martinsberg &#187; Museum Truckerhaus","isPartOf":{"@id":"https:\/\/www.truckerhaus.at\/museum\/#website"},"primaryImageOfPage":{"@id":"https:\/\/www.truckerhaus.at\/museum\/spuren\/fundorte\/muehlen-und-saegen-in-martinsberg\/#primaryimage"},"image":{"@id":"https:\/\/www.truckerhaus.at\/museum\/spuren\/fundorte\/muehlen-und-saegen-in-martinsberg\/#primaryimage"},"thumbnailUrl":"https:\/\/www.truckerhaus.at\/museum\/wp-content\/uploads\/2020\/10\/Martinsberg_Ritselsteinsaege.jpg","datePublished":"2020-10-28T18:30:10+00:00","dateModified":"2021-03-06T15:14:01+00:00","breadcrumb":{"@id":"https:\/\/www.truckerhaus.at\/museum\/spuren\/fundorte\/muehlen-und-saegen-in-martinsberg\/#breadcrumb"},"inLanguage":"de","potentialAction":[{"@type":"ReadAction","target":["https:\/\/www.truckerhaus.at\/museum\/spuren\/fundorte\/muehlen-und-saegen-in-martinsberg\/"]}]},{"@type":"ImageObject","inLanguage":"de","@id":"https:\/\/www.truckerhaus.at\/museum\/spuren\/fundorte\/muehlen-und-saegen-in-martinsberg\/#primaryimage","url":"https:\/\/www.truckerhaus.at\/museum\/wp-content\/uploads\/2020\/10\/Martinsberg_Ritselsteinsaege.jpg","contentUrl":"https:\/\/www.truckerhaus.at\/museum\/wp-content\/uploads\/2020\/10\/Martinsberg_Ritselsteinsaege.jpg","width":900,"height":600},{"@type":"BreadcrumbList","@id":"https:\/\/www.truckerhaus.at\/museum\/spuren\/fundorte\/muehlen-und-saegen-in-martinsberg\/#breadcrumb","itemListElement":[{"@type":"ListItem","position":1,"name":"Startseite","item":"https:\/\/www.truckerhaus.at\/museum\/"},{"@type":"ListItem","position":2,"name":"Spuren","item":"https:\/\/www.truckerhaus.at\/museum\/spuren\/"},{"@type":"ListItem","position":3,"name":"Objekte","item":"https:\/\/www.truckerhaus.at\/museum\/spuren\/fundorte\/"},{"@type":"ListItem","position":4,"name":"M\u00fchlen und S\u00e4gen in Martinsberg"}]},{"@type":"WebSite","@id":"https:\/\/www.truckerhaus.at\/museum\/#website","url":"https:\/\/www.truckerhaus.at\/museum\/","name":"Museum Truckerhaus","description":"","publisher":{"@id":"https:\/\/www.truckerhaus.at\/museum\/#organization"},"potentialAction":[{"@type":"SearchAction","target":{"@type":"EntryPoint","urlTemplate":"https:\/\/www.truckerhaus.at\/museum\/?s={search_term_string}"},"query-input":{"@type":"PropertyValueSpecification","valueRequired":true,"valueName":"search_term_string"}}],"inLanguage":"de"},{"@type":"Organization","@id":"https:\/\/www.truckerhaus.at\/museum\/#organization","name":"Historischer Verein Weinsbergerwald","url":"https:\/\/www.truckerhaus.at\/museum\/","logo":{"@type":"ImageObject","inLanguage":"de","@id":"https:\/\/www.truckerhaus.at\/museum\/#\/schema\/logo\/image\/","url":"https:\/\/www.truckerhaus.at\/museum\/wp-content\/uploads\/2020\/11\/HVW_LOGO.png","contentUrl":"https:\/\/www.truckerhaus.at\/museum\/wp-content\/uploads\/2020\/11\/HVW_LOGO.png","width":200,"height":200,"caption":"Historischer Verein Weinsbergerwald"},"image":{"@id":"https:\/\/www.truckerhaus.at\/museum\/#\/schema\/logo\/image\/"},"sameAs":["https:\/\/www.facebook.com\/truckerhaus","https:\/\/www.instagram.com\/truckerhaus\/"]}]}},"_links":{"self":[{"href":"https:\/\/www.truckerhaus.at\/museum\/wp-json\/wp\/v2\/pages\/448","targetHints":{"allow":["GET"]}}],"collection":[{"href":"https:\/\/www.truckerhaus.at\/museum\/wp-json\/wp\/v2\/pages"}],"about":[{"href":"https:\/\/www.truckerhaus.at\/museum\/wp-json\/wp\/v2\/types\/page"}],"author":[{"embeddable":true,"href":"https:\/\/www.truckerhaus.at\/museum\/wp-json\/wp\/v2\/users\/1"}],"replies":[{"embeddable":true,"href":"https:\/\/www.truckerhaus.at\/museum\/wp-json\/wp\/v2\/comments?post=448"}],"version-history":[{"count":5,"href":"https:\/\/www.truckerhaus.at\/museum\/wp-json\/wp\/v2\/pages\/448\/revisions"}],"predecessor-version":[{"id":1389,"href":"https:\/\/www.truckerhaus.at\/museum\/wp-json\/wp\/v2\/pages\/448\/revisions\/1389"}],"up":[{"embeddable":true,"href":"https:\/\/www.truckerhaus.at\/museum\/wp-json\/wp\/v2\/pages\/199"}],"wp:attachment":[{"href":"https:\/\/www.truckerhaus.at\/museum\/wp-json\/wp\/v2\/media?parent=448"}],"curies":[{"name":"wp","href":"https:\/\/api.w.org\/{rel}","templated":true}]}}