{"id":440,"date":"2020-10-28T19:30:09","date_gmt":"2020-10-28T18:30:09","guid":{"rendered":"https:\/\/www.truckerhaus.at\/museum\/?page_id=440"},"modified":"2021-03-06T15:06:39","modified_gmt":"2021-03-06T14:06:39","slug":"saege-baernkopf","status":"publish","type":"page","link":"https:\/\/www.truckerhaus.at\/museum\/spuren\/fundorte\/saege-baernkopf\/","title":{"rendered":"S\u00e4ge B\u00e4rnkopf"},"content":{"rendered":"\n<div class=\"wp-block-group\"><div class=\"wp-block-group__inner-container is-layout-flow wp-block-group-is-layout-flow\">\n<div class=\"wp-block-themeisle-blocks-advanced-columns has-1-columns has-desktop-equal-layout has-tablet-equal-layout has-mobile-equal-layout has-nogap-gap has-vertical-unset\" id=\"wp-block-themeisle-blocks-advanced-columns-ef20545a\"><div class=\"wp-block-themeisle-blocks-advanced-columns-overlay\"><\/div><div class=\"innerblocks-wrap\">\n<div class=\"wp-block-themeisle-blocks-advanced-column\" id=\"wp-block-themeisle-blocks-advanced-column-ee96f17b\">\n<div class=\"wp-block-columns alignwide icon_wrapper is-layout-flex wp-container-core-columns-is-layout-9d6595d7 wp-block-columns-is-layout-flex\">\n<div class=\"wp-block-column icon_blue is-layout-flow wp-block-column-is-layout-flow\" style=\"flex-basis:5%\">\n<p class=\"has-text-align-center\">22<\/p>\n<\/div>\n\n\n\n<div class=\"wp-block-column icon_black is-layout-flow wp-block-column-is-layout-flow\" style=\"flex-basis:5%\">\n<p class=\"wp-block-themeisle-blocks-font-awesome-icons\" id=\"wp-block-themeisle-blocks-font-awesome-icons-92bf702f\"><span class=\"wp-block-themeisle-blocks-font-awesome-icons-container\"><a href=\"#bilder\" target=\"_self\" rel=\"noopener noreferrer\"><i class=\"far fa-image\"><\/i><\/a><\/span><\/p>\n<\/div>\n\n\n\n<div class=\"wp-block-column icon_black is-layout-flow wp-block-column-is-layout-flow\" style=\"flex-basis:5%\"><\/div>\n\n\n\n<div class=\"wp-block-column icon_black is-layout-flow wp-block-column-is-layout-flow\" style=\"flex-basis:5%\">\n<p class=\"wp-block-themeisle-blocks-font-awesome-icons\" id=\"wp-block-themeisle-blocks-font-awesome-icons-b66401f4\"><span class=\"wp-block-themeisle-blocks-font-awesome-icons-container\"><a href=\"#geo\" target=\"_self\" rel=\"noopener noreferrer\"><i class=\"fas fa-map-marked\"><\/i><\/a><\/span><\/p>\n<\/div>\n<\/div>\n<\/div>\n<\/div><\/div>\n\n\n\n<h1 class=\"wp-block-heading\">Kleine S\u00e4ge bei B\u00e4rnkopf<\/h1>\n\n\n\n<div class=\"wp-block-themeisle-blocks-advanced-columns has-2-columns has-desktop-twoOne-layout has-tablet-equal-layout has-mobile-collapsedRows-layout has-default-gap has-vertical-unset\" id=\"wp-block-themeisle-blocks-advanced-columns-7025498b\"><div class=\"wp-block-themeisle-blocks-advanced-columns-overlay\"><\/div><div class=\"innerblocks-wrap\">\n<div class=\"wp-block-themeisle-blocks-advanced-column\" id=\"wp-block-themeisle-blocks-advanced-column-dae4b562\">\n<p>Knapp unter\u00adhalb des Schle\u00adsin\u00adger\u00adtei\u00adches stand auf der Gefl\u00fc\u00adder\u00adwie\u00adse ein klei\u00adnes herr\u00adschaft\u00adli\u00adches S\u00e4ge\u00adwerk, das vor\u00adwie\u00adgend Bret\u00adter und Pfos\u00adten f\u00fcr den Eigen\u00adbe\u00addarf der Guts\u00adherr\u00adschaft schnitt. In den 50er Jah\u00adren des vori\u00adgen Jahr\u00adhun\u00adderts wur\u00adde es meist nur von einem Mann betrie\u00adben. Seit die\u00adser Anfang der 60er Jah\u00adre in Pen\u00adsi\u00adon ging, stand das Werk still. Das abso\u00adlu\u00adte Ende des roman\u00adti\u00adschen H\u00e4us\u00adchens ereig\u00adne\u00adte sich im Sep\u00adtem\u00adber 1997, als der Damm des Schle\u00adsin\u00adger\u00adteichs brach und Was\u00adser\u00admas\u00adsen die S\u00e4ge fort\u00adris\u00adsen. Der chao\u00adti\u00adsche Rest von R\u00e4dern, Bret\u00adtern und Dach\u00adtei\u00adlen wird allen, die das gese\u00adhen haben, unver\u00adgess\u00adlich bleiben.<\/p>\n\n\n\n<p>MHC<\/p>\n<\/div>\n\n\n\n<div class=\"wp-block-themeisle-blocks-advanced-column kantlinie\" id=\"wp-block-themeisle-blocks-advanced-column-667be3c7\">\n<p>S\u00fcd\u00adlich des Schle\u00adsin\u00adger\u00adtei\u00adches, unter\u00adhalb des Dammes<\/p>\n<\/div>\n<\/div><\/div>\n\n\n\n<div class=\"wp-block-themeisle-blocks-advanced-columns has-1-columns has-desktop-equal-layout has-tablet-equal-layout has-mobile-equal-layout has-nogap-gap has-vertical-unset bilder\" id=\"bilder\"><div class=\"wp-block-themeisle-blocks-advanced-columns-overlay\"><\/div><div class=\"innerblocks-wrap\">\n<div class=\"wp-block-themeisle-blocks-advanced-column\" id=\"wp-block-themeisle-blocks-advanced-column-d3db0435\">\n<figure class=\"wp-block-gallery aligncenter columns-3 is-cropped wp-block-gallery-1 is-layout-flex wp-block-gallery-is-layout-flex\"><ul class=\"blocks-gallery-grid\"><li class=\"blocks-gallery-item\"><figure><a href=\"https:\/\/www.truckerhaus.at\/museum\/wp-content\/uploads\/2020\/10\/Saege_Baernkopf.jpg\"><img decoding=\"async\" width=\"900\" height=\"609\" src=\"https:\/\/www.truckerhaus.at\/museum\/wp-content\/uploads\/2020\/10\/Saege_Baernkopf.jpg\" alt data-id=\"346\" data-full-url=\"https:\/\/www.truckerhaus.at\/museum\/wp-content\/uploads\/2020\/10\/Saege_Baernkopf.jpg\" data-link=\"https:\/\/www.truckerhaus.at\/museum\/spuren\/fundorte\/ochsenstrauss\/saege_baernkopf\/\" class=\"wp-image-346\" srcset=\"https:\/\/www.truckerhaus.at\/museum\/wp-content\/uploads\/2020\/10\/Saege_Baernkopf.jpg 900w, https:\/\/www.truckerhaus.at\/museum\/wp-content\/uploads\/2020\/10\/Saege_Baernkopf-300x203.jpg 300w, https:\/\/www.truckerhaus.at\/museum\/wp-content\/uploads\/2020\/10\/Saege_Baernkopf-768x520.jpg 768w, https:\/\/www.truckerhaus.at\/museum\/wp-content\/uploads\/2020\/10\/Saege_Baernkopf-600x406.jpg 600w\" sizes=\"(max-width: 900px) 100vw, 900px\"><\/a><figcaption class=\"blocks-gallery-item__caption\">Die S\u00e4ge bei B\u00e4rnkopf<\/figcaption><\/figure><\/li><li class=\"blocks-gallery-item\"><figure><a href=\"https:\/\/www.truckerhaus.at\/museum\/wp-content\/uploads\/2020\/10\/Saege_Baernkopf_3.jpg\"><img decoding=\"async\" width=\"1000\" height=\"692\" src=\"https:\/\/www.truckerhaus.at\/museum\/wp-content\/uploads\/2020\/10\/Saege_Baernkopf_3.jpg\" alt data-id=\"241\" data-full-url=\"https:\/\/www.truckerhaus.at\/museum\/wp-content\/uploads\/2020\/10\/Saege_Baernkopf_3.jpg\" data-link=\"https:\/\/www.truckerhaus.at\/museum\/spuren\/fundorte\/ochsenstrauss\/saege_baernkopf_3\/\" class=\"wp-image-241\" srcset=\"https:\/\/www.truckerhaus.at\/museum\/wp-content\/uploads\/2020\/10\/Saege_Baernkopf_3.jpg 1000w, https:\/\/www.truckerhaus.at\/museum\/wp-content\/uploads\/2020\/10\/Saege_Baernkopf_3-300x208.jpg 300w, https:\/\/www.truckerhaus.at\/museum\/wp-content\/uploads\/2020\/10\/Saege_Baernkopf_3-768x531.jpg 768w, https:\/\/www.truckerhaus.at\/museum\/wp-content\/uploads\/2020\/10\/Saege_Baernkopf_3-600x415.jpg 600w\" sizes=\"(max-width: 1000px) 100vw, 1000px\"><\/a><figcaption class=\"blocks-gallery-item__caption\">Die S\u00e4ge bei B\u00e4rnkopf<\/figcaption><\/figure><\/li><li class=\"blocks-gallery-item\"><figure><a href=\"https:\/\/www.truckerhaus.at\/museum\/wp-content\/uploads\/2020\/10\/saege_baernkopf_nachdammbruch.jpg\"><img decoding=\"async\" width=\"900\" height=\"625\" src=\"https:\/\/www.truckerhaus.at\/museum\/wp-content\/uploads\/2020\/10\/saege_baernkopf_nachdammbruch.jpg\" alt data-id=\"347\" data-full-url=\"https:\/\/www.truckerhaus.at\/museum\/wp-content\/uploads\/2020\/10\/saege_baernkopf_nachdammbruch.jpg\" data-link=\"https:\/\/www.truckerhaus.at\/museum\/spuren\/fundorte\/ochsenstrauss\/saege_baernkopf_nachdammbruch\/\" class=\"wp-image-347\" srcset=\"https:\/\/www.truckerhaus.at\/museum\/wp-content\/uploads\/2020\/10\/saege_baernkopf_nachdammbruch.jpg 900w, https:\/\/www.truckerhaus.at\/museum\/wp-content\/uploads\/2020\/10\/saege_baernkopf_nachdammbruch-300x208.jpg 300w, https:\/\/www.truckerhaus.at\/museum\/wp-content\/uploads\/2020\/10\/saege_baernkopf_nachdammbruch-768x533.jpg 768w, https:\/\/www.truckerhaus.at\/museum\/wp-content\/uploads\/2020\/10\/saege_baernkopf_nachdammbruch-600x417.jpg 600w\" sizes=\"(max-width: 900px) 100vw, 900px\"><\/a><figcaption class=\"blocks-gallery-item__caption\">Nach dem Damm\u00adbruch im Sep\u00adtem\u00adber&nbsp;1997<\/figcaption><\/figure><\/li><\/ul><\/figure>\n<\/div>\n<\/div><\/div>\n\n\n\n<div class=\"wp-block-themeisle-blocks-advanced-columns has-3-columns has-desktop-equal-layout has-tablet-equal-layout has-mobile-collapsedRows-layout has-nogap-gap has-vertical-unset geo\" id=\"geo\"><div class=\"wp-block-themeisle-blocks-advanced-columns-overlay\"><\/div><div class=\"innerblocks-wrap\">\n<div class=\"wp-block-themeisle-blocks-advanced-column\" id=\"wp-block-themeisle-blocks-advanced-column-b04b60c1\">\n<h3 class=\"wp-block-heading\">Koordinaten<br>(WSG84)<\/h3>\n\n\n\n<p><strong>[22]<\/strong>&nbsp;48.38158 | 14.99634<\/p>\n<\/div>\n\n\n\n<div class=\"wp-block-themeisle-blocks-advanced-column\" id=\"wp-block-themeisle-blocks-advanced-column-64db6770\">\n<h3 class=\"wp-block-heading\">Finden in <br>Apple Karten<\/h3>\n\n\n\n<p><a href=\"http:\/\/maps.apple.com\/?q=48.38158,14.99634\"><strong>[22]<\/strong>&nbsp;finden<\/a><\/p>\n<\/div>\n\n\n\n<div class=\"wp-block-themeisle-blocks-advanced-column\" id=\"wp-block-themeisle-blocks-advanced-column-cfb0cba8\">\n<h3 class=\"wp-block-heading\">Finden in <br>Google-Maps<\/h3>\n\n\n\n<p><a href=\"https:\/\/www.google.at\/maps\/preview\/place\/48.38158,14.99634\" target=\"_blank\" rel=\"noreferrer noopener\"><strong>[22]<\/strong>&nbsp;finden<\/a><\/p>\n<\/div>\n<\/div><\/div>\n<\/div><\/div>\n","protected":false},"excerpt":{"rendered":"<p>Klei\u00adne S\u00e4ge bei B\u00e4rnkopf<\/p>\n","protected":false},"author":1,"featured_media":0,"parent":199,"menu_order":52,"comment_status":"closed","ping_status":"closed","template":"","meta":{"wp_typography_post_enhancements_disabled":false,"neve_meta_sidebar":"","neve_meta_container":"","neve_meta_enable_content_width":"","neve_meta_content_width":0,"neve_meta_title_alignment":"","neve_meta_author_avatar":"","neve_post_elements_order":"","neve_meta_disable_header":"","neve_meta_disable_footer":"","neve_meta_disable_title":"on","_themeisle_gutenberg_block_has_review":false,"footnotes":""},"class_list":["post-440","page","type-page","status-publish","hentry"],"yoast_head":"<!-- This site is optimized with the Yoast SEO plugin v26.3 - https:\/\/yoast.com\/wordpress\/plugins\/seo\/ -->\n<title>S\u00e4ge B\u00e4rnkopf &#187; Museum Truckerhaus<\/title>\n<meta name=\"robots\" content=\"index, follow, max-snippet:-1, max-image-preview:large, max-video-preview:-1\" \/>\n<link rel=\"canonical\" href=\"https:\/\/www.truckerhaus.at\/museum\/spuren\/fundorte\/saege-baernkopf\/\" \/>\n<meta property=\"og:locale\" content=\"de_DE\" \/>\n<meta property=\"og:type\" content=\"article\" \/>\n<meta property=\"og:title\" content=\"S\u00e4ge B\u00e4rnkopf &#187; Museum Truckerhaus\" \/>\n<meta property=\"og:description\" content=\"Kleine S\u00e4ge bei B\u00e4rnkopf\" \/>\n<meta property=\"og:url\" content=\"https:\/\/www.truckerhaus.at\/museum\/spuren\/fundorte\/saege-baernkopf\/\" \/>\n<meta property=\"og:site_name\" content=\"Museum Truckerhaus\" \/>\n<meta property=\"article:publisher\" content=\"https:\/\/www.facebook.com\/truckerhaus\" \/>\n<meta property=\"article:modified_time\" content=\"2021-03-06T14:06:39+00:00\" \/>\n<meta property=\"og:image\" content=\"https:\/\/www.truckerhaus.at\/museum\/wp-content\/uploads\/2020\/10\/Saege_Baernkopf.jpg\" \/>\n<meta name=\"twitter:card\" content=\"summary_large_image\" \/>\n<meta name=\"twitter:label1\" content=\"Gesch\u00e4tzte Lesezeit\" \/>\n\t<meta name=\"twitter:data1\" content=\"1\u00a0Minute\" \/>\n<script type=\"application\/ld+json\" class=\"yoast-schema-graph\">{\"@context\":\"https:\/\/schema.org\",\"@graph\":[{\"@type\":\"WebPage\",\"@id\":\"https:\/\/www.truckerhaus.at\/museum\/spuren\/fundorte\/saege-baernkopf\/\",\"url\":\"https:\/\/www.truckerhaus.at\/museum\/spuren\/fundorte\/saege-baernkopf\/\",\"name\":\"S\u00e4ge B\u00e4rnkopf &#187; Museum Truckerhaus\",\"isPartOf\":{\"@id\":\"https:\/\/www.truckerhaus.at\/museum\/#website\"},\"primaryImageOfPage\":{\"@id\":\"https:\/\/www.truckerhaus.at\/museum\/spuren\/fundorte\/saege-baernkopf\/#primaryimage\"},\"image\":{\"@id\":\"https:\/\/www.truckerhaus.at\/museum\/spuren\/fundorte\/saege-baernkopf\/#primaryimage\"},\"thumbnailUrl\":\"https:\/\/www.truckerhaus.at\/museum\/wp-content\/uploads\/2020\/10\/Saege_Baernkopf.jpg\",\"datePublished\":\"2020-10-28T18:30:09+00:00\",\"dateModified\":\"2021-03-06T14:06:39+00:00\",\"breadcrumb\":{\"@id\":\"https:\/\/www.truckerhaus.at\/museum\/spuren\/fundorte\/saege-baernkopf\/#breadcrumb\"},\"inLanguage\":\"de\",\"potentialAction\":[{\"@type\":\"ReadAction\",\"target\":[\"https:\/\/www.truckerhaus.at\/museum\/spuren\/fundorte\/saege-baernkopf\/\"]}]},{\"@type\":\"ImageObject\",\"inLanguage\":\"de\",\"@id\":\"https:\/\/www.truckerhaus.at\/museum\/spuren\/fundorte\/saege-baernkopf\/#primaryimage\",\"url\":\"https:\/\/www.truckerhaus.at\/museum\/wp-content\/uploads\/2020\/10\/Saege_Baernkopf.jpg\",\"contentUrl\":\"https:\/\/www.truckerhaus.at\/museum\/wp-content\/uploads\/2020\/10\/Saege_Baernkopf.jpg\",\"width\":900,\"height\":609},{\"@type\":\"BreadcrumbList\",\"@id\":\"https:\/\/www.truckerhaus.at\/museum\/spuren\/fundorte\/saege-baernkopf\/#breadcrumb\",\"itemListElement\":[{\"@type\":\"ListItem\",\"position\":1,\"name\":\"Startseite\",\"item\":\"https:\/\/www.truckerhaus.at\/museum\/\"},{\"@type\":\"ListItem\",\"position\":2,\"name\":\"Spuren\",\"item\":\"https:\/\/www.truckerhaus.at\/museum\/spuren\/\"},{\"@type\":\"ListItem\",\"position\":3,\"name\":\"Objekte\",\"item\":\"https:\/\/www.truckerhaus.at\/museum\/spuren\/fundorte\/\"},{\"@type\":\"ListItem\",\"position\":4,\"name\":\"S\u00e4ge B\u00e4rnkopf\"}]},{\"@type\":\"WebSite\",\"@id\":\"https:\/\/www.truckerhaus.at\/museum\/#website\",\"url\":\"https:\/\/www.truckerhaus.at\/museum\/\",\"name\":\"Museum Truckerhaus\",\"description\":\"\",\"publisher\":{\"@id\":\"https:\/\/www.truckerhaus.at\/museum\/#organization\"},\"potentialAction\":[{\"@type\":\"SearchAction\",\"target\":{\"@type\":\"EntryPoint\",\"urlTemplate\":\"https:\/\/www.truckerhaus.at\/museum\/?s={search_term_string}\"},\"query-input\":{\"@type\":\"PropertyValueSpecification\",\"valueRequired\":true,\"valueName\":\"search_term_string\"}}],\"inLanguage\":\"de\"},{\"@type\":\"Organization\",\"@id\":\"https:\/\/www.truckerhaus.at\/museum\/#organization\",\"name\":\"Historischer Verein Weinsbergerwald\",\"url\":\"https:\/\/www.truckerhaus.at\/museum\/\",\"logo\":{\"@type\":\"ImageObject\",\"inLanguage\":\"de\",\"@id\":\"https:\/\/www.truckerhaus.at\/museum\/#\/schema\/logo\/image\/\",\"url\":\"https:\/\/www.truckerhaus.at\/museum\/wp-content\/uploads\/2020\/11\/HVW_LOGO.png\",\"contentUrl\":\"https:\/\/www.truckerhaus.at\/museum\/wp-content\/uploads\/2020\/11\/HVW_LOGO.png\",\"width\":200,\"height\":200,\"caption\":\"Historischer Verein Weinsbergerwald\"},\"image\":{\"@id\":\"https:\/\/www.truckerhaus.at\/museum\/#\/schema\/logo\/image\/\"},\"sameAs\":[\"https:\/\/www.facebook.com\/truckerhaus\",\"https:\/\/www.instagram.com\/truckerhaus\/\"]}]}<\/script>\n<!-- \/ Yoast SEO plugin. -->","yoast_head_json":{"title":"S\u00e4ge B\u00e4rnkopf &#187; Museum Truckerhaus","robots":{"index":"index","follow":"follow","max-snippet":"max-snippet:-1","max-image-preview":"max-image-preview:large","max-video-preview":"max-video-preview:-1"},"canonical":"https:\/\/www.truckerhaus.at\/museum\/spuren\/fundorte\/saege-baernkopf\/","og_locale":"de_DE","og_type":"article","og_title":"S\u00e4ge B\u00e4rnkopf &#187; Museum Truckerhaus","og_description":"Kleine S\u00e4ge bei B\u00e4rnkopf","og_url":"https:\/\/www.truckerhaus.at\/museum\/spuren\/fundorte\/saege-baernkopf\/","og_site_name":"Museum Truckerhaus","article_publisher":"https:\/\/www.facebook.com\/truckerhaus","article_modified_time":"2021-03-06T14:06:39+00:00","og_image":[{"url":"https:\/\/www.truckerhaus.at\/museum\/wp-content\/uploads\/2020\/10\/Saege_Baernkopf.jpg","type":"","width":"","height":""}],"twitter_card":"summary_large_image","twitter_misc":{"Gesch\u00e4tzte Lesezeit":"1\u00a0Minute"},"schema":{"@context":"https:\/\/schema.org","@graph":[{"@type":"WebPage","@id":"https:\/\/www.truckerhaus.at\/museum\/spuren\/fundorte\/saege-baernkopf\/","url":"https:\/\/www.truckerhaus.at\/museum\/spuren\/fundorte\/saege-baernkopf\/","name":"S\u00e4ge B\u00e4rnkopf &#187; Museum Truckerhaus","isPartOf":{"@id":"https:\/\/www.truckerhaus.at\/museum\/#website"},"primaryImageOfPage":{"@id":"https:\/\/www.truckerhaus.at\/museum\/spuren\/fundorte\/saege-baernkopf\/#primaryimage"},"image":{"@id":"https:\/\/www.truckerhaus.at\/museum\/spuren\/fundorte\/saege-baernkopf\/#primaryimage"},"thumbnailUrl":"https:\/\/www.truckerhaus.at\/museum\/wp-content\/uploads\/2020\/10\/Saege_Baernkopf.jpg","datePublished":"2020-10-28T18:30:09+00:00","dateModified":"2021-03-06T14:06:39+00:00","breadcrumb":{"@id":"https:\/\/www.truckerhaus.at\/museum\/spuren\/fundorte\/saege-baernkopf\/#breadcrumb"},"inLanguage":"de","potentialAction":[{"@type":"ReadAction","target":["https:\/\/www.truckerhaus.at\/museum\/spuren\/fundorte\/saege-baernkopf\/"]}]},{"@type":"ImageObject","inLanguage":"de","@id":"https:\/\/www.truckerhaus.at\/museum\/spuren\/fundorte\/saege-baernkopf\/#primaryimage","url":"https:\/\/www.truckerhaus.at\/museum\/wp-content\/uploads\/2020\/10\/Saege_Baernkopf.jpg","contentUrl":"https:\/\/www.truckerhaus.at\/museum\/wp-content\/uploads\/2020\/10\/Saege_Baernkopf.jpg","width":900,"height":609},{"@type":"BreadcrumbList","@id":"https:\/\/www.truckerhaus.at\/museum\/spuren\/fundorte\/saege-baernkopf\/#breadcrumb","itemListElement":[{"@type":"ListItem","position":1,"name":"Startseite","item":"https:\/\/www.truckerhaus.at\/museum\/"},{"@type":"ListItem","position":2,"name":"Spuren","item":"https:\/\/www.truckerhaus.at\/museum\/spuren\/"},{"@type":"ListItem","position":3,"name":"Objekte","item":"https:\/\/www.truckerhaus.at\/museum\/spuren\/fundorte\/"},{"@type":"ListItem","position":4,"name":"S\u00e4ge B\u00e4rnkopf"}]},{"@type":"WebSite","@id":"https:\/\/www.truckerhaus.at\/museum\/#website","url":"https:\/\/www.truckerhaus.at\/museum\/","name":"Museum Truckerhaus","description":"","publisher":{"@id":"https:\/\/www.truckerhaus.at\/museum\/#organization"},"potentialAction":[{"@type":"SearchAction","target":{"@type":"EntryPoint","urlTemplate":"https:\/\/www.truckerhaus.at\/museum\/?s={search_term_string}"},"query-input":{"@type":"PropertyValueSpecification","valueRequired":true,"valueName":"search_term_string"}}],"inLanguage":"de"},{"@type":"Organization","@id":"https:\/\/www.truckerhaus.at\/museum\/#organization","name":"Historischer Verein Weinsbergerwald","url":"https:\/\/www.truckerhaus.at\/museum\/","logo":{"@type":"ImageObject","inLanguage":"de","@id":"https:\/\/www.truckerhaus.at\/museum\/#\/schema\/logo\/image\/","url":"https:\/\/www.truckerhaus.at\/museum\/wp-content\/uploads\/2020\/11\/HVW_LOGO.png","contentUrl":"https:\/\/www.truckerhaus.at\/museum\/wp-content\/uploads\/2020\/11\/HVW_LOGO.png","width":200,"height":200,"caption":"Historischer Verein Weinsbergerwald"},"image":{"@id":"https:\/\/www.truckerhaus.at\/museum\/#\/schema\/logo\/image\/"},"sameAs":["https:\/\/www.facebook.com\/truckerhaus","https:\/\/www.instagram.com\/truckerhaus\/"]}]}},"_links":{"self":[{"href":"https:\/\/www.truckerhaus.at\/museum\/wp-json\/wp\/v2\/pages\/440","targetHints":{"allow":["GET"]}}],"collection":[{"href":"https:\/\/www.truckerhaus.at\/museum\/wp-json\/wp\/v2\/pages"}],"about":[{"href":"https:\/\/www.truckerhaus.at\/museum\/wp-json\/wp\/v2\/types\/page"}],"author":[{"embeddable":true,"href":"https:\/\/www.truckerhaus.at\/museum\/wp-json\/wp\/v2\/users\/1"}],"replies":[{"embeddable":true,"href":"https:\/\/www.truckerhaus.at\/museum\/wp-json\/wp\/v2\/comments?post=440"}],"version-history":[{"count":5,"href":"https:\/\/www.truckerhaus.at\/museum\/wp-json\/wp\/v2\/pages\/440\/revisions"}],"predecessor-version":[{"id":1365,"href":"https:\/\/www.truckerhaus.at\/museum\/wp-json\/wp\/v2\/pages\/440\/revisions\/1365"}],"up":[{"embeddable":true,"href":"https:\/\/www.truckerhaus.at\/museum\/wp-json\/wp\/v2\/pages\/199"}],"wp:attachment":[{"href":"https:\/\/www.truckerhaus.at\/museum\/wp-json\/wp\/v2\/media?parent=440"}],"curies":[{"name":"wp","href":"https:\/\/api.w.org\/{rel}","templated":true}]}}